{"id":626,"date":"2023-06-06T17:48:23","date_gmt":"2023-06-06T17:48:23","guid":{"rendered":"https:\/\/staff-maroc.com\/?page_id=626"},"modified":"2026-04-07T23:30:18","modified_gmt":"2026-04-07T23:30:18","slug":"nos-services","status":"publish","type":"page","link":"https:\/\/staff-maroc.com\/index.php\/nos-services\/","title":{"rendered":"Nos-Services"},"content":{"rendered":"<div class=\"brz-root__container brz-reset-all brz brz-root__container-page\">\n<section id=\"_xwjggusfwgqyosyjvtrmtxpyorilakobzidk\" class=\"brz-section brz-css-1ja8m2e\">\n<div class=\"brz-section__content brz-section--boxed brz-css-16hys7b brz-css-1h8iqc6\" data-brz-custom-id=\"pwqfembqsplmijqifvjvsuqhjggaasufpzze\">\n<div class=\"brz-bg\">\n<div class=\"brz-bg-image\"><\/div>\n<\/div>\n<div class=\"brz-container brz-css-18m5pop brz-css-12fxfb2\">\n<div class=\"brz-row__container brz-css-1ve5t4a\" data-brz-custom-id=\"kinakvscyasbdwwapwvppszoxlosorxyvujm\">\n<div class=\"brz-bg\"><\/div>\n<div class=\"brz-row brz-css-dqsdpm brz-css-jo13fk\">\n<div class=\"brz-columns brz-css-80hdsr brz-css-17bbhxj\" data-brz-custom-id=\"ijekhmjoexrmnckcyjlejfrxtaltaqfshfhs\">\n<div class=\"brz-bg\"><\/div>\n<div class=\"brz-column__items brz-css-1o8tc0e\">\n<div id=\"\" class=\"brz-css-g0zrw4 brz-wrapper\">\n<div class=\"brz-rich-text brz-rich-text__custom brz-css-ektgp0\" data-brz-custom-id=\"eonxiczlyeixuwoadfylruvedeuvebydmatk\">\n<div data-brz-translate-text=\"1\">\n<h3 data-generated-css=\"brz-css-joxss\" data-uniq-id=\"jzhuj\" class=\"brz-tp-lg-heading3 brz-tp-xs-empty brz-fs-xs-24 brz-fss-xs-px brz-fw-xs-600 brz-ls-xs-0 brz-lh-xs-1_3 brz-text-xs-center brz-css-ebbSM\"><span class=\"brz-cp-color7\">Agence de Services de Personnel d&#8217;Hospitalit\u00e9 au Maroc<\/span><\/h3>\n<\/div>\n<\/div>\n<\/div>\n<div id=\"\" class=\"brz-css-g0zrw4 brz-wrapper\">\n<div class=\"brz-rich-text brz-rich-text__custom brz-css-ektgp0\" data-brz-custom-id=\"hhouiuhevbijlaowypbqwkksbgackokzpflw\">\n<div data-brz-translate-text=\"1\">\n<p data-generated-css=\"brz-css-ducoy\" data-uniq-id=\"tzokw\" class=\"brz-ff-palanquin brz-ft-google brz-fs-lg-18 brz-fss-lg-px brz-fw-lg-500 brz-ls-lg-0 brz-lh-lg-1_6 brz-tp-lg-paragraph brz-css-rvN5j\"><span class=\"brz-cp-color7\">Bienvenue chez notre agence de services de personnel d&#8217;hospitalit\u00e9 au Maroc ! Nous sommes fiers de fournir des solutions de personnel hautement qualifi\u00e9 et professionnel pour r\u00e9pondre aux besoins de l&#8217;industrie de l&#8217;accueil dans tout le pays. Que vous soyez un h\u00f4tel, un restaurant, un spa, ou tout autre \u00e9tablissement h\u00f4telier, nous avons l&#8217;\u00e9quipe parfaite pour vous.<\/span><\/p>\n<p data-generated-css=\"brz-css-pfpeg\" data-uniq-id=\"sbbrs\" class=\"brz-tp-lg-empty brz-ff-palanquin brz-ft-google brz-fs-lg-18 brz-fss-lg-px brz-fw-lg-500 brz-ls-lg-0 brz-lh-lg-1_6 brz-css-gdwoZ\"><\/p>\n<p data-generated-css=\"brz-css-gukbc\" data-uniq-id=\"xsfde\" class=\"brz-ff-palanquin brz-ft-google brz-fs-lg-18 brz-fss-lg-px brz-fw-lg-500 brz-ls-lg-0 brz-lh-lg-1_6 brz-tp-lg-paragraph brz-css-n8QNV\"><span class=\"brz-cp-color7\">Notre objectif principal est de garantir une exp\u00e9rience exceptionnelle \u00e0 vos clients en offrant un service de premi\u00e8re classe. Pour atteindre cet objectif, nous proposons une gamme compl\u00e8te de services de personnel dans divers domaines de l&#8217;hospitalit\u00e9. Voici un aper\u00e7u de nos services :<\/span><\/p>\n<\/div>\n<\/div>\n<\/div>\n<div id=\"\" class=\"brz-css-g0zrw4 brz-wrapper\">\n<div class=\"brz-rich-text brz-rich-text__custom brz-css-ektgp0\" data-brz-custom-id=\"wwusxsmoakedpwrjoyoftxpnvnbwvvdjzluw\">\n<div data-brz-translate-text=\"1\">\n<h5 data-generated-css=\"brz-css-hsiha\" data-uniq-id=\"nwein\" class=\"brz-tp-lg-empty brz-ff-montserrat brz-ft-google brz-fs-lg-23 brz-fss-lg-px brz-fw-lg-400 brz-ls-lg-0 brz-lh-lg-1_5 brz-tp-xs-empty brz-fs-xs-16 brz-fss-xs-px brz-fw-xs-400 brz-ls-xs-0 brz-lh-xs-1_5 brz-css-itACQ\"><span style=\"opacity: 1\" class=\"brz-cp-color5\">Personnel d&#8217;accueil<\/span><\/h5>\n<\/div>\n<\/div>\n<\/div>\n<div id=\"\" class=\"brz-css-g0zrw4 brz-wrapper\">\n<div class=\"brz-rich-text brz-rich-text__custom brz-css-ektgp0\" data-brz-custom-id=\"jogazifkicswxtwlglbzbcsrhwixhwldcdqw\">\n<div data-brz-translate-text=\"1\">\n<p class=\"brz-tp-lg-paragraph brz-lh-lg-1_6 brz-ls-lg-0 brz-fw-lg-500 brz-fss-lg-px brz-fs-lg-18 brz-ft-google brz-ff-palanquin brz-css-kaWNy\" data-uniq-id=\"ejnpj\" data-generated-css=\"brz-css-fvjko\"><span class=\"brz-cp-color7\">Nos professionnels de l&#8217;accueil sont form\u00e9s pour offrir un accueil chaleureux et amical \u00e0 vos clients d\u00e8s leur arriv\u00e9e. Ils sont comp\u00e9tents dans la gestion des r\u00e9servations, l&#8217;enregistrement et le d\u00e9part des clients, ainsi que dans la fourniture d&#8217;informations sur les installations et les services de votre \u00e9tablissement.<\/span><\/p>\n<\/div>\n<\/div>\n<\/div>\n<div id=\"\" class=\"brz-css-g0zrw4 brz-wrapper\">\n<div class=\"brz-rich-text brz-rich-text__custom brz-css-ektgp0\" data-brz-custom-id=\"uzpqbtxmwluoegukhbprwkbxzwpukvszccjf\">\n<div data-brz-translate-text=\"1\">\n<h5 class=\"brz-ft-google brz-fs-lg-23 brz-fss-lg-px brz-fw-lg-400 brz-ls-lg-0 brz-lh-lg-1_5 brz-tp-lg-empty brz-ff-montserrat brz-tp-xs-empty brz-fs-xs-16 brz-fss-xs-px brz-fw-xs-400 brz-ls-xs-0 brz-lh-xs-1_5 brz-css-niW_l\" data-generated-css=\"brz-css-ltrfi\" data-uniq-id=\"cvmbo\"><span style=\"opacity: 1\" class=\"brz-cp-color5\">Personnel de restauration<\/span><\/h5>\n<\/div>\n<\/div>\n<\/div>\n<div id=\"\" class=\"brz-css-g0zrw4 brz-wrapper\">\n<div class=\"brz-rich-text brz-rich-text__custom brz-css-ektgp0\" data-brz-custom-id=\"lkzqfbsfywtbxgwsgbpwhusctrswjayqmiai\">\n<div data-brz-translate-text=\"1\">\n<p class=\"brz-tp-lg-paragraph brz-lh-lg-1_6 brz-ls-lg-0 brz-fw-lg-500 brz-fss-lg-px brz-fs-lg-18 brz-ft-google brz-ff-palanquin brz-css-jJUgm\" data-uniq-id=\"zewfk\" data-generated-css=\"brz-css-rjzrg\"><span class=\"brz-cp-color7\">Notre \u00e9quipe de personnel de restauration est compos\u00e9e de serveurs, serveuses, chefs de rang et autres professionnels qualifi\u00e9s dans l&#8217;art de cr\u00e9er une exp\u00e9rience culinaire inoubliable pour vos convives. Ils sont attentifs aux d\u00e9tails, efficaces et capables de g\u00e9rer des situations exigeantes pour garantir un service de restauration exceptionnel.<\/span><\/p>\n<\/div>\n<\/div>\n<\/div>\n<div id=\"\" class=\"brz-css-g0zrw4 brz-wrapper\">\n<div class=\"brz-rich-text brz-rich-text__custom brz-css-ektgp0\" data-brz-custom-id=\"idetmvejciawglgzipgrhhzfleunzfpbyhbh\">\n<div data-brz-translate-text=\"1\">\n<h5 class=\"brz-ft-google brz-fs-lg-23 brz-fss-lg-px brz-fw-lg-400 brz-ls-lg-0 brz-lh-lg-1_5 brz-tp-lg-empty brz-ff-montserrat brz-tp-xs-empty brz-fs-xs-16 brz-fss-xs-px brz-fw-xs-400 brz-ls-xs-0 brz-lh-xs-1_5 brz-css-lMeOF\" data-generated-css=\"brz-css-lkceu\" data-uniq-id=\"uejnc\"><span style=\"opacity: 1\" class=\"brz-cp-color5\">Personnel d&#8217;entretien m\u00e9nager<\/span><\/h5>\n<\/div>\n<\/div>\n<\/div>\n<div id=\"\" class=\"brz-css-g0zrw4 brz-wrapper\">\n<div class=\"brz-rich-text brz-rich-text__custom brz-css-ektgp0\" data-brz-custom-id=\"wbtzfrokjbtqmxfljyqwbbsbrdjawupsisqy\">\n<div data-brz-translate-text=\"1\">\n<p class=\"brz-tp-lg-paragraph brz-lh-lg-1_6 brz-ls-lg-0 brz-fw-lg-500 brz-fss-lg-px brz-fs-lg-18 brz-ft-google brz-ff-palanquin brz-css-urPxh\" data-uniq-id=\"chdks\" data-generated-css=\"brz-css-ldtmp\"><span class=\"brz-cp-color7\">Notre \u00e9quipe d&#8217;entretien m\u00e9nager est d\u00e9di\u00e9e \u00e0 maintenir un environnement propre, ordonn\u00e9 et accueillant pour vos clients. Ils sont form\u00e9s pour effectuer des t\u00e2ches de nettoyage et d&#8217;entretien selon les normes les plus \u00e9lev\u00e9es, garantissant ainsi le confort et la satisfaction des clients.<\/span><\/p>\n<\/div>\n<\/div>\n<\/div>\n<div id=\"\" class=\"brz-css-g0zrw4 brz-wrapper\">\n<div class=\"brz-rich-text brz-rich-text__custom brz-css-ektgp0\" data-brz-custom-id=\"csslvivffqxegrtyworsnzawjemoukmemktt\">\n<div data-brz-translate-text=\"1\">\n<h5 class=\"brz-ft-google brz-fs-lg-23 brz-fss-lg-px brz-fw-lg-400 brz-ls-lg-0 brz-lh-lg-1_5 brz-tp-lg-empty brz-ff-montserrat brz-tp-xs-empty brz-fs-xs-16 brz-fss-xs-px brz-fw-xs-400 brz-ls-xs-0 brz-lh-xs-1_5 brz-css-r252p\" data-generated-css=\"brz-css-pvlgr\" data-uniq-id=\"xpgtu\"><span style=\"opacity: 1\" class=\"brz-cp-color5\">Personnel de cuisine<\/span><\/h5>\n<\/div>\n<\/div>\n<\/div>\n<div id=\"\" class=\"brz-css-g0zrw4 brz-wrapper\">\n<div class=\"brz-rich-text brz-rich-text__custom brz-css-ektgp0\" data-brz-custom-id=\"haxxmnfctnvuzjxikriuprbrmqnkexhkgfjl\">\n<div data-brz-translate-text=\"1\">\n<p class=\"brz-tp-lg-paragraph brz-lh-lg-1_6 brz-ls-lg-0 brz-fw-lg-500 brz-fss-lg-px brz-fs-lg-18 brz-ft-google brz-ff-palanquin brz-css-jIenR\" data-uniq-id=\"xuxkx\" data-generated-css=\"brz-css-zccbv\"><span class=\"brz-cp-color7\">Que ce soit pour un restaurant, un caf\u00e9 ou un service traiteur, notre \u00e9quipe de personnel de cuisine est pr\u00eate \u00e0 donner vie \u00e0 vos cr\u00e9ations culinaires. Des chefs de cuisine talentueux aux commis de cuisine d\u00e9vou\u00e9s, notre \u00e9quipe est passionn\u00e9e par l&#8217;art de la cuisine et se consacre \u00e0 offrir des mets d\u00e9licieux et de qualit\u00e9 sup\u00e9rieure.<\/span><\/p>\n<\/div>\n<\/div>\n<\/div>\n<div id=\"\" class=\"brz-css-g0zrw4 brz-wrapper\">\n<div class=\"brz-rich-text brz-rich-text__custom brz-css-ektgp0\" data-brz-custom-id=\"omneokohczmsowgjhtlcvodcfadjuxihiavu\">\n<div data-brz-translate-text=\"1\">\n<h5 class=\"brz-ft-google brz-fs-lg-23 brz-fss-lg-px brz-fw-lg-400 brz-ls-lg-0 brz-lh-lg-1_5 brz-tp-lg-empty brz-ff-montserrat brz-tp-xs-empty brz-fs-xs-16 brz-fss-xs-px brz-fw-xs-400 brz-ls-xs-0 brz-lh-xs-1_5 brz-css-oJLPb\" data-generated-css=\"brz-css-gvdpp\" data-uniq-id=\"meeai\"><span style=\"opacity: 1\" class=\"brz-cp-color5\">Personnel \u00e9v\u00e9nementiel<\/span><\/h5>\n<\/div>\n<\/div>\n<\/div>\n<div id=\"\" class=\"brz-css-g0zrw4 brz-wrapper\">\n<div class=\"brz-rich-text brz-rich-text__custom brz-css-ektgp0\" data-brz-custom-id=\"zkjpyppbckqzhmvmatujtgulmrniznnuqjzc\">\n<div data-brz-translate-text=\"1\">\n<p class=\"brz-tp-lg-paragraph brz-lh-lg-1_6 brz-ls-lg-0 brz-fw-lg-500 brz-fss-lg-px brz-fs-lg-18 brz-ft-google brz-ff-palanquin brz-css-z4X6h\" data-uniq-id=\"xlfnr\" data-generated-css=\"brz-css-lzfhi\"><span class=\"brz-cp-color7\">Pour vos \u00e9v\u00e9nements sp\u00e9ciaux, notre \u00e9quipe \u00e9v\u00e9nementielle est l\u00e0 pour assurer leur succ\u00e8s. Des h\u00f4tes et h\u00f4tesses accueillants aux organisateurs d&#8217;\u00e9v\u00e9nements exp\u00e9riment\u00e9s, nous pouvons g\u00e9rer tous les aspects de la logistique et de la coordination pour vous permettre de profiter pleinement de votre \u00e9v\u00e9nement.<\/span><\/p>\n<\/div>\n<\/div>\n<\/div>\n<div id=\"\" class=\"brz-css-g0zrw4 brz-wrapper\">\n<div class=\"brz-rich-text brz-rich-text__custom brz-css-ektgp0\" data-brz-custom-id=\"wdwjwwnmxnxikrspbgoyxdsyutjngnynpnkw\">\n<div data-brz-translate-text=\"1\">\n<h5 class=\"brz-ff-montserrat brz-tp-lg-empty brz-lh-lg-1_5 brz-ls-lg-0 brz-fw-lg-400 brz-fss-lg-px brz-fs-lg-23 brz-ft-google brz-tp-xs-empty brz-fs-xs-16 brz-fss-xs-px brz-fw-xs-400 brz-ls-xs-0 brz-lh-xs-1_5 brz-css-k_fpD\" data-uniq-id=\"ytxfk\" data-generated-css=\"brz-css-ypknl\"><span style=\"opacity: 1\" class=\"brz-cp-color5\">Personnel de s\u00e9curit\u00e9<\/span><\/h5>\n<\/div>\n<\/div>\n<\/div>\n<div id=\"\" class=\"brz-css-g0zrw4 brz-wrapper\">\n<div class=\"brz-rich-text brz-rich-text__custom brz-css-ektgp0\" data-brz-custom-id=\"mbkcrxuqorqigkzbojnxudrswnxgkauqksdv\">\n<div data-brz-translate-text=\"1\">\n<p class=\"brz-ff-palanquin brz-ft-google brz-fs-lg-18 brz-fss-lg-px brz-fw-lg-500 brz-ls-lg-0 brz-lh-lg-1_6 brz-tp-lg-paragraph brz-css-fvX8m\" data-generated-css=\"brz-css-cbawq\" data-uniq-id=\"zbzoo\"><span class=\"brz-cp-color7\">La s\u00e9curit\u00e9 de vos clients et de votre \u00e9tablissement est notre priorit\u00e9. Notre \u00e9quipe de s\u00e9curit\u00e9 est compos\u00e9e de professionnels form\u00e9s et exp\u00e9riment\u00e9s, capables de g\u00e9rer les situations d&#8217;urgence, de pr\u00e9venir les incidents et de fournir un environnement s\u00fbr et s\u00e9curis\u00e9.<\/span><\/p>\n<\/div>\n<\/div>\n<\/div>\n<div id=\"\" class=\"brz-css-g0zrw4 brz-wrapper\">\n<div class=\"brz-rich-text brz-rich-text__custom brz-css-ektgp0\" data-brz-custom-id=\"mxmgwpmpttfgggmcdxyphjhqxysdycwxxjwg\">\n<div data-brz-translate-text=\"1\">\n<h5 class=\"brz-ft-google brz-fs-lg-23 brz-fss-lg-px brz-fw-lg-400 brz-ls-lg-0 brz-lh-lg-1_5 brz-tp-lg-empty brz-ff-montserrat brz-tp-xs-empty brz-fs-xs-16 brz-fss-xs-px brz-fw-xs-400 brz-ls-xs-0 brz-lh-xs-1_5 brz-css-rjTW7\" data-generated-css=\"brz-css-jalke\" data-uniq-id=\"iiwap\"><span style=\"opacity: 1\" class=\"brz-cp-color5\">Personnel de spa et bien-\u00eatre<\/span><\/h5>\n<\/div>\n<\/div>\n<\/div>\n<div id=\"\" class=\"brz-css-g0zrw4 brz-wrapper\">\n<div class=\"brz-rich-text brz-rich-text__custom brz-css-ektgp0\" data-brz-custom-id=\"vhjkmqbavnvxfdiqvretqfakyigjqvrskxix\">\n<div data-brz-translate-text=\"1\">\n<p class=\"brz-tp-lg-paragraph brz-lh-lg-1_6 brz-ls-lg-0 brz-fw-lg-500 brz-fss-lg-px brz-fs-lg-18 brz-ft-google brz-ff-palanquin brz-css-jLcR3\" data-uniq-id=\"fqwde\" data-generated-css=\"brz-css-aoszi\"><span class=\"brz-cp-color7\">Offrez \u00e0 vos clients une exp\u00e9rience de d\u00e9tente et de bien-\u00eatre inoubliable gr\u00e2ce \u00e0 notre \u00e9quipe de spa et de bien-\u00eatre. Des th\u00e9rapeutes aux esth\u00e9ticiennes, nous fournissons du personnel qualifi\u00e9 pour cr\u00e9er une atmosph\u00e8re apaisante et offrir une gamme de soins et de services de qualit\u00e9.<\/span><\/p>\n<\/div>\n<\/div>\n<\/div>\n<div id=\"\" class=\"brz-css-g0zrw4 brz-wrapper\">\n<div class=\"brz-rich-text brz-rich-text__custom brz-css-ektgp0\" data-brz-custom-id=\"qdonyrxexatpwevniuxmxlnbriuicoxxekfz\">\n<div data-brz-translate-text=\"1\">\n<h5 class=\"brz-ff-montserrat brz-tp-lg-empty brz-lh-lg-1_5 brz-ls-lg-0 brz-fw-lg-400 brz-fss-lg-px brz-fs-lg-23 brz-ft-google brz-tp-xs-empty brz-fs-xs-16 brz-fss-xs-px brz-fw-xs-400 brz-ls-xs-0 brz-lh-xs-1_5 brz-css-k7XJv\" data-uniq-id=\"ozqjx\" data-generated-css=\"brz-css-gftzg\"><span style=\"opacity: 1\" class=\"brz-cp-color5\">Personnel technique<\/span><\/h5>\n<\/div>\n<\/div>\n<\/div>\n<div id=\"\" class=\"brz-css-g0zrw4 brz-wrapper\">\n<div class=\"brz-rich-text brz-rich-text__custom brz-css-ektgp0\" data-brz-custom-id=\"truicjojffmvbwhiwfonemjkwvvxliqazwrs\">\n<div data-brz-translate-text=\"1\">\n<p class=\"brz-tp-lg-paragraph brz-lh-lg-1_6 brz-ls-lg-0 brz-fw-lg-500 brz-fss-lg-px brz-fs-lg-18 brz-ft-google brz-ff-palanquin brz-css-b6VUd\" data-uniq-id=\"rduce\" data-generated-css=\"brz-css-aunfh\"><span class=\"brz-cp-color7\">Pour les besoins techniques de votre \u00e9tablissement, notre \u00e9quipe technique est l\u00e0 pour vous aider. Des ing\u00e9nieurs aux \u00e9lectriciens, nous fournissons du personnel qualifi\u00e9 pour r\u00e9soudre rapidement et efficacement les probl\u00e8mes techniques et assurer le bon fonctionnement de vos installations.<\/span><\/p>\n<\/div>\n<\/div>\n<\/div>\n<div id=\"\" class=\"brz-css-g0zrw4 brz-wrapper\">\n<div class=\"brz-rich-text brz-rich-text__custom brz-css-ektgp0\" data-brz-custom-id=\"qlftruulfltckwistgvriaafnxidhsbhymvm\">\n<div data-brz-translate-text=\"1\">\n<h5 class=\"brz-ff-montserrat brz-tp-lg-empty brz-lh-lg-1_5 brz-ls-lg-0 brz-fw-lg-400 brz-fss-lg-px brz-fs-lg-23 brz-ft-google brz-tp-xs-empty brz-fs-xs-16 brz-fss-xs-px brz-fw-xs-400 brz-ls-xs-0 brz-lh-xs-1_5 brz-css-bX4Fk\" data-uniq-id=\"efvic\" data-generated-css=\"brz-css-gvxta\"><span style=\"opacity: 1\" class=\"brz-cp-color5\">Personnel divers<\/span><\/h5>\n<\/div>\n<\/div>\n<\/div>\n<div id=\"\" class=\"brz-css-g0zrw4 brz-wrapper\">\n<div class=\"brz-rich-text brz-rich-text__custom brz-css-ektgp0\" data-brz-custom-id=\"rawwyzbyighiaccqvlxcusfrnqtjnczzvgru\">\n<div data-brz-translate-text=\"1\">\n<p class=\"brz-ff-palanquin brz-ft-google brz-fs-lg-18 brz-fss-lg-px brz-fw-lg-500 brz-ls-lg-0 brz-lh-lg-1_6 brz-tp-lg-paragraph brz-css-vPw7I\" data-generated-css=\"brz-css-dzqjt\" data-uniq-id=\"ojvam\"><span class=\"brz-cp-color7\">Nous comprenons que chaque \u00e9tablissement a des besoins uniques. C&#8217;est pourquoi nous proposons \u00e9galement du personnel diversifi\u00e9 pour r\u00e9pondre \u00e0 des besoins sp\u00e9cifiques tels que les conducteurs, les gardiens, les concierges et bien plus encore.<\/span><\/p>\n<\/div>\n<\/div>\n<\/div>\n<div id=\"\" class=\"brz-css-g0zrw4 brz-wrapper\">\n<div class=\"brz-rich-text brz-rich-text__custom brz-css-ektgp0\" data-brz-custom-id=\"vyvginmprxafxcpdvgrkhvpyuyjwbpcqeydi\">\n<div data-brz-translate-text=\"1\">\n<p class=\"brz-tp-lg-paragraph brz-css-fMSBs\" data-uniq-id=\"nrspx\" data-generated-css=\"brz-css-hmgsd\"><span class=\"brz-cp-color7\">Chez notre agence de services de personnel d&#8217;hospitalit\u00e9, nous sommes d\u00e9termin\u00e9s \u00e0 vous offrir des solutions sur mesure pour r\u00e9pondre \u00e0 vos besoins. Notre \u00e9quipe est compos\u00e9e de professionnels qualifi\u00e9s et exp\u00e9riment\u00e9s, pr\u00eats \u00e0 fournir des services de qualit\u00e9 sup\u00e9rieure \u00e0 chaque \u00e9tape.<\/span><\/p>\n<p class=\"brz-tp-lg-paragraph brz-css-du6ZX\" data-uniq-id=\"nrspx\" data-generated-css=\"brz-css-hmgsd\"><\/p>\n<p class=\"brz-tp-lg-paragraph brz-css-kzYtb\" data-uniq-id=\"nrspx\" data-generated-css=\"brz-css-hmgsd\"><span class=\"brz-cp-color7\">Contactez-nous d\u00e8s aujourd&#8217;hui pour discuter de vos besoins en mati\u00e8re de personnel d&#8217;hospitalit\u00e9 au Maroc, et laissez-nous vous aider \u00e0 offrir une exp\u00e9rience inoubliable \u00e0 vos clients.<\/span><\/p>\n<\/div>\n<\/div>\n<\/div>\n<\/div>\n<\/div>\n<\/div>\n<\/div>\n<\/div>\n<\/div>\n<\/section>\n<\/div>\n<p>    <!-- version:1738181101 --><\/p>\n","protected":false},"excerpt":{"rendered":"<p>Agence de Services de Personnel d&#8217;Hospitalit\u00e9 au Maroc Bienvenue chez notre agence de services de personnel d&#8217;hospitalit\u00e9 au Maroc ! Nous sommes fiers de fournir des solutions de personnel hautement qualifi\u00e9 et professionnel pour r\u00e9pondre aux besoins de l&#8217;industrie de l&#8217;accueil dans tout le pays. Que vous soyez un h\u00f4tel, un restaurant, un spa, ou [&hellip;]<\/p>\n","protected":false},"author":1,"featured_media":0,"parent":0,"menu_order":0,"comment_status":"closed","ping_status":"closed","template":"brizy-blank-template.php","meta":{"footnotes":""},"class_list":["post-626","page","type-page","status-publish","hentry"],"blocksy_meta":[],"brizy_media":[{"id":725,"url":"https:\/\/staff-maroc.com\/wp-content\/uploads\/2023\/06\/host-scaled.jpg","name":"host.jpg","meta":{"brizy_attachment_uid":"wp-03c59458c1d6e8d0eadce67138ac0174.jpg","brizy_post_uid":["619cd5260697dac17279249f26b0dbc4"]}}],"_links":{"self":[{"href":"https:\/\/staff-maroc.com\/index.php\/wp-json\/wp\/v2\/pages\/626","targetHints":{"allow":["GET"]}}],"collection":[{"href":"https:\/\/staff-maroc.com\/index.php\/wp-json\/wp\/v2\/pages"}],"about":[{"href":"https:\/\/staff-maroc.com\/index.php\/wp-json\/wp\/v2\/types\/page"}],"author":[{"embeddable":true,"href":"https:\/\/staff-maroc.com\/index.php\/wp-json\/wp\/v2\/users\/1"}],"replies":[{"embeddable":true,"href":"https:\/\/staff-maroc.com\/index.php\/wp-json\/wp\/v2\/comments?post=626"}],"version-history":[{"count":11,"href":"https:\/\/staff-maroc.com\/index.php\/wp-json\/wp\/v2\/pages\/626\/revisions"}],"predecessor-version":[{"id":752,"href":"https:\/\/staff-maroc.com\/index.php\/wp-json\/wp\/v2\/pages\/626\/revisions\/752"}],"wp:attachment":[{"href":"https:\/\/staff-maroc.com\/index.php\/wp-json\/wp\/v2\/media?parent=626"}],"curies":[{"name":"wp","href":"https:\/\/api.w.org\/{rel}","templated":true}]}}