{"id":1017,"date":"2025-08-18T23:31:22","date_gmt":"2025-08-18T23:31:22","guid":{"rendered":"https:\/\/staff-maroc.com\/?page_id=1017"},"modified":"2026-04-10T21:46:49","modified_gmt":"2026-04-10T21:46:49","slug":"recrutement","status":"publish","type":"page","link":"https:\/\/staff-maroc.com\/index.php\/recrutement\/","title":{"rendered":"Recrutement"},"content":{"rendered":"<div class=\"brz brz-root__container brz-reset-all brz-root__container-page\">\n<section id=\"lc9nJ9e1p4Ol_lc9nJ9e1p4Ol\" class=\"brz-section brz-css-4y4zaa brz-css-1lev53s\">\n<div class=\"brz-section__content brz-section--boxed brz-css-qyygt brz-css-o3wy40\" data-brz-custom-id=\"hTEICRpuFKi8\">\n<div class=\"brz-container brz-css-tzmc86 brz-css-1hir1vg\">\n<div id=\"\" class=\"brz-css-1bhzva5 brz-css-1jeev23 brz-wrapper\">\n<div class=\"brz-rich-text brz-rich-text__custom brz-css-pmhrll brz-css-a7d78m\" data-brz-custom-id=\"xJWcpmazdtds\">\n<div data-brz-translate-text=\"1\">\n<h3 data-uniq-id=\"y1uh3\" data-generated-css=\"brz-css-vJEJz\" class=\"brz-tp-lg-heading3 brz-text-lg-center brz-css-da5uM\"><span class=\"brz-cp-color7\">Pour rejoindre notre agence et commencer \u00e0 obtenir des r\u00e9servations, veuillez remplir ce formulaire.<\/span><\/h3>\n<\/div>\n<\/div>\n<\/div>\n<div class=\"brz-row__container brz-css-1yxxybt brz-css-xf31gd\" data-brz-custom-id=\"eoCpe9vncqcX\">\n<div class=\"brz-row brz-css-1dxlrtm brz-css-y1ryl0 brz-css-k21gp3\">\n<div class=\"brz-columns brz-css-ey6u6m brz-css-14s1pw5\" data-brz-custom-id=\"xzXQckcGraTx\">\n<div class=\"brz-column__items brz-css-w5s04z brz-css-wicshc\">\n<div id=\"\" class=\"brz-css-1bhzva5 brz-css-21msjt brz-wrapper\">\n<div data-brz-form-version=\"2\" class=\"brz-forms2 brz-css-1ciosuu brz-css-1tz1gan\" data-brz-custom-id=\"qxe3WIEugOAG\">\n<div data-brz-translate-text=\"1\" class=\"brz-forms2__item brz-css-gc2fko brz-css-mp5xmi brz-css-1ktuvah brz-css-ml4ej5\"><\/div>\n<div data-brz-translate-text=\"1\" class=\"brz-forms2__item brz-css-gc2fko brz-css-mp5xmi brz-css-1ktuvah brz-css-1fwzxkn\"><\/div>\n<div data-brz-translate-text=\"1\" class=\"brz-forms2__item brz-css-gc2fko brz-css-mp5xmi brz-css-1ktuvah brz-css-cpdhek\"><\/div>\n<div data-brz-translate-text=\"1\" class=\"brz-forms2__item brz-css-gc2fko brz-css-mp5xmi brz-css-1ktuvah brz-css-8o8ji0\"><\/div>\n<div data-brz-translate-text=\"1\" class=\"brz-forms2__item brz-css-gc2fko brz-css-mp5xmi brz-css-1ktuvah brz-css-zoyywl\">\n<div class=\"brz-forms2__field brz-forms2__field-select brz-css-1rkjfks brz-css-gimw0n\">Sp\u00e9cialit\u00e9R\u00e9ceptionnistesConciergerie Agents de service clientH\u00f4tes\/H\u00f4tesses d&#8217;accueil Serveurs\/ServeusesBarmans BaristasPersonnel de restaurationSommeliersGouvernantesEmploy\u00e9s de blanchisserieEmploy\u00e9s du service d&#8217;entretien du soir Chefs (Ex\u00e9cutif, Sous)CuisiniersAssistants de cuisinePlongeursP\u00e2tissiersCuisiniers pr\u00e9parateursH\u00f4tes\/H\u00f4tesses d&#8217;\u00e9v\u00e9nementAgents de s\u00e9curit\u00e9Videurs Superviseurs de porteTh\u00e9rapeutes spaMassoth\u00e9rapeutesEsth\u00e9ticiens Instructeurs de fitness Entra\u00eeneurs personnelsChasseurs\/PortiersVoituriersChauffeurs Guides touristiques Personnel de nettoyagecoiffeur<\/div>\n<\/div>\n<div data-brz-translate-text=\"1\" class=\"brz-forms2__item brz-css-gc2fko brz-css-mp5xmi brz-css-1ktuvah brz-css-1ss297s\"><\/div>\n<div data-brz-translate-text=\"1\" class=\"brz-forms2__item brz-css-gc2fko brz-css-mp5xmi brz-css-1ktuvah brz-css-xsap23\">\n<div class=\"brz-input__upload brz-input brz-forms2__field brz-forms2__field-fileUpload\"><label for=\"irwb_Gt_s_el_1a36a35213fa65d202b1\" class=\"brz-label\"><span class=\"brz-span\">CV<\/span><span class=\"brz-button\">Choose File<\/span><\/label><\/div>\n<\/div>\n<div class=\"brz-forms2 brz-forms2__item brz-forms2__item-button\" data-brz-custom-id=\"qxe3WIEugOAG\"><button class=\"brz-btn brz-btn-submit brz-css-cebn7u brz-css-rd61jh\" data-brz-custom-id=\"i_JXiOx53LNr\"><span data-brz-translate-text=\"1\" class=\"brz-span brz-text__editor\">Envoyer<\/span><\/button><\/div>\n<div class=\"brz-g-recaptcha\" data-sitekey=\"\" data-size=\"invisible\" data-callback=\"brzFormV2Captcha\"><\/div>\n<\/div>\n<\/div>\n<\/div>\n<\/div>\n<div class=\"brz-columns brz-css-ey6u6m brz-css-2z06to\" data-brz-custom-id=\"gOMKZcu3heNr\">\n<div class=\"brz-column__items brz-css-w5s04z brz-css-fjy5lz\">\n<div id=\"\" class=\"brz-css-1bhzva5 brz-css-1qgy3oi brz-wrapper\">\n<div class=\"brz-image brz-css-14tbfrl brz-css-h4pwvl\" data-brz-custom-id=\"lsVpFas_4M1k\"><img decoding=\"async\" class=\"brz-img brz-img-svg\" src=\"https:\/\/staff-maroc.com\/wp-content\/uploads\/2023\/06\/men-and-women-back2back-up.svg\" alt=\"\" title=\"men and women back2back up\" loading=\"lazy\"><\/div>\n<\/div>\n<\/div>\n<\/div>\n<\/div>\n<\/div>\n<\/div>\n<\/div>\n<\/section><\/div>\n<p><!-- version:1755792479 --><\/p>\n","protected":false},"excerpt":{"rendered":"<p>Pour rejoindre notre agence et commencer \u00e0 obtenir des r\u00e9servations, veuillez remplir ce formulaire. Sp\u00e9cialit\u00e9R\u00e9ceptionnistesConciergerie Agents de service clientH\u00f4tes\/H\u00f4tesses d&#8217;accueil Serveurs\/ServeusesBarmans BaristasPersonnel de restaurationSommeliersGouvernantesEmploy\u00e9s de blanchisserieEmploy\u00e9s du service d&#8217;entretien du soir Chefs (Ex\u00e9cutif, Sous)CuisiniersAssistants de cuisinePlongeursP\u00e2tissiersCuisiniers pr\u00e9parateursH\u00f4tes\/H\u00f4tesses d&#8217;\u00e9v\u00e9nementAgents de s\u00e9curit\u00e9Videurs Superviseurs de porteTh\u00e9rapeutes spaMassoth\u00e9rapeutesEsth\u00e9ticiens Instructeurs de fitness Entra\u00eeneurs personnelsChasseurs\/PortiersVoituriersChauffeurs Guides touristiques Personnel de nettoyagecoiffeur CVChoose [&hellip;]<\/p>\n","protected":false},"author":1,"featured_media":0,"parent":0,"menu_order":0,"comment_status":"closed","ping_status":"closed","template":"brizy-blank-template.php","meta":{"footnotes":""},"class_list":["post-1017","page","type-page","status-publish","hentry"],"blocksy_meta":[],"brizy_media":[{"id":207,"url":"https:\/\/staff-maroc.com\/wp-content\/uploads\/2023\/06\/men-and-women-back2back-up.svg","name":"men-and-women-back2back-up.svg","meta":{"brizy_attachment_uid":"wp-376ad93955ada0061f30c6a12f807ab5.svg","brizy_post_uid":["3aec25252b36d47ff0378e12d39efc78","549eca8fba9849258eebd9c02c71277f","0d280e7bf5ac0934862328e30e08d2cd"]}}],"_links":{"self":[{"href":"https:\/\/staff-maroc.com\/index.php\/wp-json\/wp\/v2\/pages\/1017","targetHints":{"allow":["GET"]}}],"collection":[{"href":"https:\/\/staff-maroc.com\/index.php\/wp-json\/wp\/v2\/pages"}],"about":[{"href":"https:\/\/staff-maroc.com\/index.php\/wp-json\/wp\/v2\/types\/page"}],"author":[{"embeddable":true,"href":"https:\/\/staff-maroc.com\/index.php\/wp-json\/wp\/v2\/users\/1"}],"replies":[{"embeddable":true,"href":"https:\/\/staff-maroc.com\/index.php\/wp-json\/wp\/v2\/comments?post=1017"}],"version-history":[{"count":8,"href":"https:\/\/staff-maroc.com\/index.php\/wp-json\/wp\/v2\/pages\/1017\/revisions"}],"predecessor-version":[{"id":1058,"href":"https:\/\/staff-maroc.com\/index.php\/wp-json\/wp\/v2\/pages\/1017\/revisions\/1058"}],"wp:attachment":[{"href":"https:\/\/staff-maroc.com\/index.php\/wp-json\/wp\/v2\/media?parent=1017"}],"curies":[{"name":"wp","href":"https:\/\/api.w.org\/{rel}","templated":true}]}}